{"id":2840,"date":"2013-08-05T08:24:24","date_gmt":"2013-08-05T06:24:24","guid":{"rendered":"http:\/\/uniquevillasmallorca.es\/?page_id=2840"},"modified":"2018-06-01T15:50:06","modified_gmt":"2018-06-01T13:50:06","slug":"contacto","status":"publish","type":"page","link":"https:\/\/uniquevillasmallorca.com\/es\/contacto\/","title":{"rendered":"Cont\u00e1ctenos"},"content":{"rendered":"<div class=\"wpb-content-wrapper\"><p>[vc_row][vc_column][vc_column_text]En Unique Villas Mallorca adoramos Mallorca y precisamente por ello, hemos hecho una selecci\u00f3n de villas tradicionales mallorquinas en ubiaciones \u00fanicas as\u00ed como de otras propiedades interesantes. Tanto si est\u00e1 buscando una propiedad para invertir como si piensa en adquirir una segunda vivienda, estamos aqu\u00ed para ayudarle a encontrar su casa ideal. Si tiene alg\u00fan requisito espec\u00edfico, no dude en contactarnos. Estaremos encantados de guiarle y asistirle durante todo el proceso de b\u00fasqueda y de compra.<\/p>\n<p>Es necesario que lea la cl\u00e1usula de Tratamiento de Datos de Aviso Legal y Protecci\u00f3n de Datos para enviar el formulario. Tambi\u00e9n puede leer aqu\u00ed la\u00a0 <a href=\"https:\/\/www.aepd.es\/normativa\/index.html\">Nueva Normativa Europea de Protecci\u00f3n de Datos (RGPD).\u00a0<\/a>[\/vc_column_text][\/vc_column][\/vc_row][vc_row][vc_column][vc_separator][\/vc_column][\/vc_row][vc_row][vc_column][vc_column_text]<strong><a href=\"http:\/\/uniquevillasmallorca.es\/aviso-legal-proteccion-de-datos\/\">Aviso Legal &amp; Protecci\u00f3n de Datos<\/a><\/strong><\/p>\n<p>&nbsp;<\/p>\n<p>&nbsp;<\/p>\n<div class=\"wpforms-container wpforms-container-full\" id=\"wpforms-7606\"><form id=\"wpforms-form-7606\" class=\"wpforms-validate wpforms-form\" data-formid=\"7606\" method=\"post\" enctype=\"multipart\/form-data\" action=\"\/es\/wp-json\/wp\/v2\/pages\/2840\" data-token=\"7fd3c2c0fae1f03ddf5aed95a39d9fd7\" data-token-time=\"1776585269\"><div class=\"wpforms-head-container\"><div class=\"wpforms-title\">Formulario de Contacto<\/div><\/div><noscript class=\"wpforms-error-noscript\">Por favor, activa JavaScript en tu navegador para completar este formulario.<\/noscript><div class=\"wpforms-field-container\"><div id=\"wpforms-7606-field_0-container\" class=\"wpforms-field wpforms-field-name\" data-field-id=\"0\"><label class=\"wpforms-field-label\" for=\"wpforms-7606-field_0\">Nombre y Apellidos <span class=\"wpforms-required-label\">*<\/span><\/label><input type=\"text\" id=\"wpforms-7606-field_0\" class=\"wpforms-field-medium wpforms-field-required\" name=\"wpforms[fields][0]\" required><\/div><div id=\"wpforms-7606-field_1-container\" class=\"wpforms-field wpforms-field-email\" data-field-id=\"1\"><label class=\"wpforms-field-label\" for=\"wpforms-7606-field_1\">Email <span class=\"wpforms-required-label\">*<\/span><\/label><input type=\"email\" id=\"wpforms-7606-field_1\" class=\"wpforms-field-medium wpforms-field-required\" name=\"wpforms[fields][1]\" spellcheck=\"false\" required><\/div><div id=\"wpforms-7606-field_2-container\" class=\"wpforms-field wpforms-field-textarea\" data-field-id=\"2\"><label class=\"wpforms-field-label\" for=\"wpforms-7606-field_2\">Mensaje  <span class=\"wpforms-required-label\">*<\/span><\/label><textarea id=\"wpforms-7606-field_2\" class=\"wpforms-field-medium wpforms-field-required\" name=\"wpforms[fields][2]\" required><\/textarea><\/div><div id=\"wpforms-7606-field_3-container\" class=\"wpforms-field wpforms-field-checkbox\" data-field-id=\"3\"><label class=\"wpforms-field-label\">Checkboxes<\/label><ul id=\"wpforms-7606-field_3\"><li class=\"choice-1 depth-1\"><input type=\"checkbox\" id=\"wpforms-7606-field_3_1\" name=\"wpforms[fields][3][]\" value=\"He Leido y Acepto el Aviso Legal y La Protecci\u00f3n de Datos  \"  ><label class=\"wpforms-field-label-inline\" for=\"wpforms-7606-field_3_1\">He Leido y Acepto el Aviso Legal y La Protecci\u00f3n de Datos<\/label><\/li><li class=\"choice-2 depth-1\"><input type=\"checkbox\" id=\"wpforms-7606-field_3_2\" name=\"wpforms[fields][3][]\" value=\"Me gustar\u00eda recibir informaci\u00f3n sobre nuevas propiedades y actualizaciones\"  ><label class=\"wpforms-field-label-inline\" for=\"wpforms-7606-field_3_2\">Me gustar\u00eda recibir informaci\u00f3n sobre nuevas propiedades y actualizaciones<\/label><\/li><\/ul><\/div><\/div><!-- .wpforms-field-container --><div class=\"wpforms-field wpforms-field-hp\"><label for=\"wpforms-7606-field-hp\" class=\"wpforms-field-label\">Phone<\/label><input type=\"text\" name=\"wpforms[hp]\" id=\"wpforms-7606-field-hp\" class=\"wpforms-field-medium\"><\/div><div class=\"wpforms-recaptcha-container wpforms-is-recaptcha wpforms-is-recaptcha-type-v3\" ><input type=\"hidden\" name=\"wpforms[recaptcha]\" value=\"\"><\/div><div class=\"wpforms-submit-container\" ><input type=\"hidden\" name=\"wpforms[id]\" value=\"7606\"><input type=\"hidden\" name=\"page_title\" value=\"\"><input type=\"hidden\" name=\"page_url\" value=\"https:\/\/uniquevillasmallorca.com\/es\/wp-json\/wp\/v2\/pages\/2840\"><input type=\"hidden\" name=\"url_referer\" value=\"\"><button type=\"submit\" name=\"wpforms[submit]\" id=\"wpforms-submit-7606\" class=\"wpforms-submit\" data-alt-text=\"Sending...\" data-submit-text=\"Submit\" aria-live=\"assertive\" value=\"wpforms-submit\">Submit<\/button><\/div><\/form><\/div>  <!-- .wpforms-container -->[\/vc_column_text][\/vc_column][\/vc_row]<\/p>\n<\/div>","protected":false},"excerpt":{"rendered":"<p>[vc_row][vc_column][vc_column_text]En Unique Villas Mallorca adoramos Mallorca y precisamente por ello, hemos hecho una selecci\u00f3n de villas tradicionales mallorquinas en ubiaciones \u00fanicas as\u00ed como de otras propiedades interesantes. Tanto si est\u00e1 buscando una propiedad para invertir como si piensa en adquirir una segunda vivienda, estamos aqu\u00ed para ayudarle a encontrar su casa ideal. Si tiene alg\u00fan&#8230;<\/p>\n","protected":false},"author":1,"featured_media":0,"parent":0,"menu_order":0,"comment_status":"closed","ping_status":"open","template":"","meta":{"footnotes":""},"class_list":["post-2840","page","type-page","status-publish","hentry"],"aioseo_notices":[],"_links":{"self":[{"href":"https:\/\/uniquevillasmallorca.com\/es\/wp-json\/wp\/v2\/pages\/2840","targetHints":{"allow":["GET"]}}],"collection":[{"href":"https:\/\/uniquevillasmallorca.com\/es\/wp-json\/wp\/v2\/pages"}],"about":[{"href":"https:\/\/uniquevillasmallorca.com\/es\/wp-json\/wp\/v2\/types\/page"}],"author":[{"embeddable":true,"href":"https:\/\/uniquevillasmallorca.com\/es\/wp-json\/wp\/v2\/users\/1"}],"replies":[{"embeddable":true,"href":"https:\/\/uniquevillasmallorca.com\/es\/wp-json\/wp\/v2\/comments?post=2840"}],"version-history":[{"count":0,"href":"https:\/\/uniquevillasmallorca.com\/es\/wp-json\/wp\/v2\/pages\/2840\/revisions"}],"wp:attachment":[{"href":"https:\/\/uniquevillasmallorca.com\/es\/wp-json\/wp\/v2\/media?parent=2840"}],"curies":[{"name":"wp","href":"https:\/\/api.w.org\/{rel}","templated":true}]}}