{"id":3608,"date":"2015-06-17T16:15:52","date_gmt":"2015-06-17T14:15:52","guid":{"rendered":"http:\/\/uniquevillasmallorca.es\/?page_id=3608"},"modified":"2018-05-27T14:33:31","modified_gmt":"2018-05-27T12:33:31","slug":"aviso-legal-proteccion-de-datos","status":"publish","type":"page","link":"https:\/\/uniquevillasmallorca.com\/es\/aviso-legal-proteccion-de-datos\/","title":{"rendered":"Aviso Legal &#038; Protecci\u00f3n de Datos"},"content":{"rendered":"<p>Nos importa su privacidad y por ello hemos actualizado nuestra secci\u00f3n de aviso legal y protecci\u00f3n de datos para ajustarla al Reglamento General de Protecci\u00f3n de Datos (RGPD) que entra en vigor a partir del 25 de mayo de 2018.<\/p>\n<p><strong>\u00bfQui\u00e9nes somos y qui\u00e9n trata su informaci\u00f3n?\u00a0<\/strong> Angela Buades Garc\u00edas, con direcci\u00f3n en calle Cald\u00e9s, 3, 1\u00ba, 07001, Palma de Mallorca, Espa\u00f1a y con direcci\u00f3n de email :\u00a0 info@uniquevillasmallorca.com, es la persona responsable del tratamiento y protecci\u00f3n de su informaci\u00f3n personal.<\/p>\n<p><strong>\u00bfPara qu\u00e9 utilizamos su informaci\u00f3n? <\/strong>\u00a0 Angela Buades Garc\u00edas solo tiene acceso a su informaci\u00f3n personal cuando usted mismo la introduce en el formulario de contacto, por ejemplo cuando se registra en la p\u00e1gina web o cuando nos contacta para solicitar informaci\u00f3n espec\u00edfica sobre alguna propiedad. En ese caso utilizar\u00e9 sus datos personles para gestionar su registro como usuario y si consiente expresamente, le enviar\u00e9 informaci\u00f3n via email sobre nuevas propiedades que puedan ser de su inter\u00e9s. Adem\u00e1s sus datos podr\u00e1n ser usados para creaci\u00f3n de base de datos, campa\u00f1as de email marketing, alertas de ofertas o compartir la informaci\u00f3n con terceras empresas en el caso de que fuera necesario.<\/p>\n<p>Usted podr\u00e1 rectificar, cancelar su subscripci\u00f3n cuando quiera, envi\u00e1ndonos un email al siguiente correo electr\u00f3nico: info@uniquevillasmallorca.com o llam\u00e1ndonos por tel\u00e9fono (+34 629 91 99 01).<\/p>\n<p>En virtud de lo establecido en la Ley Org\u00e1nica de Protecci\u00f3n de Datos 15\/1999, de 13 de Diciembre, se informa que sus datos obtenidos mediante el formulario de esta p\u00e1gina web as\u00ed como su direcci\u00f3n de correo electr\u00f3nico, formar\u00e1n pate de un fichero propiedad de \u00c1ngela Buades Garc\u00edas con domicilio en Calle Caldes, 3, pral y NIF n\u00ba 43150726N, de la poblaci\u00f3n de Palma de Mallorca (Illes Balears). La finalidad del fichero es la facturaci\u00f3n, gesti\u00f3n de clientes, y todo lo relacionado con la gesti\u00f3n inmobiliaria, comprometi\u00e9ndonos a usar los datos recogidos \u00fanicamente para la finalidad antes mencionada. Usted tiene derecho de acceso, oposici\u00f3n, rectificaci\u00f3n, y cancelaci\u00f3n de estos datos, que deber\u00e1 ejercer mediante escrito a la direcci\u00f3n anteriormente citada.<\/p>\n<p><strong>Derecho de informaci\u00f3n y otros derechos:<\/strong><\/p>\n<p>Usted tiene derecho a consultar sus datos personales y a rectificarlos, limitar su tratamiento o cancelarlos en cualquier momento, sin coste alguno. Tambi\u00e9n podemos informarle de los datos personales que tenemos en nuestra base de datos, despu\u00e9s de una petici\u00f3n por correo electr\u00f3nico. Tambi\u00e9n tiene derecho a portabilidad que permite que las partes interesadas pidan una copia de sus datos en un formato com\u00fan y el derecho a oponerse al tratamiento de sus datos personales as\u00ed como al consentimiento dado para su tratamiento. SImplemente envi\u00e1ndo un correo electr\u00f3nico, puede cancelar sus datos personales.<\/p>\n<p>Sus datos personales no se compartir\u00e1n con terceras personas. Una vez que rellene el formulario de contacto, usted declara que nos permite guardar y gestionar sus datos persoanles para dar respuesta a su petici\u00f3n espec\u00edfica relacionada con uno o varios inmuebles. Para que encontremos la propiedad adecuada para usted, a veces es necesario colaborar con otro agente o empresa. En este caso puede ser necesario que demos acceso a sus datos personales a la persona o empresa colaboradora en una venta o alquiler.<br \/>\n<strong><br \/>\n\u00bfCu\u00e1nto tiempo conservaremos sus datos?<\/strong><br \/>\nTrataremos sus datos durante el tiempo necesario para cumplir con la finalidad correspondiente, los conservaremos posteriormente guardados y protegidos durante el tiempo que puedan surgir responsabilidades derivadas del tratamiento, en cumplimiento de la normativa vigente.<\/p>\n<p>Las fotos, texto y art\u00edculos que aparezcan en esta p\u00e1gina web son propiedad de \u00c1ngela Buades Garc\u00edas. Est\u00e1 completamente prohibido reproducir las fotograf\u00edas, textos o art\u00edculos representados en est\u00e1 p\u00e1gina web sin consentimiento escrito. Si se utiliza el contenido de esta web sin autorizaci\u00f3n por escrito, se ejercer\u00e1 acci\u00f3n legal y se podr\u00e1n presentar peticiones de indemnizaci\u00f3n por da\u00f1os y perjuicios.<\/p>\n","protected":false},"excerpt":{"rendered":"<p>Nos importa su privacidad y por ello hemos actualizado nuestra secci\u00f3n de aviso legal y protecci\u00f3n de datos para ajustarla al Reglamento General de Protecci\u00f3n de Datos (RGPD) que entra en vigor a partir del 25 de mayo de 2018. \u00bfQui\u00e9nes somos y qui\u00e9n trata su informaci\u00f3n?\u00a0 Angela Buades Garc\u00edas, con direcci\u00f3n en calle Cald\u00e9s,&#8230;<\/p>\n","protected":false},"author":1,"featured_media":0,"parent":0,"menu_order":0,"comment_status":"closed","ping_status":"open","template":"","meta":{"footnotes":""},"class_list":["post-3608","page","type-page","status-publish","hentry"],"aioseo_notices":[],"_links":{"self":[{"href":"https:\/\/uniquevillasmallorca.com\/es\/wp-json\/wp\/v2\/pages\/3608","targetHints":{"allow":["GET"]}}],"collection":[{"href":"https:\/\/uniquevillasmallorca.com\/es\/wp-json\/wp\/v2\/pages"}],"about":[{"href":"https:\/\/uniquevillasmallorca.com\/es\/wp-json\/wp\/v2\/types\/page"}],"author":[{"embeddable":true,"href":"https:\/\/uniquevillasmallorca.com\/es\/wp-json\/wp\/v2\/users\/1"}],"replies":[{"embeddable":true,"href":"https:\/\/uniquevillasmallorca.com\/es\/wp-json\/wp\/v2\/comments?post=3608"}],"version-history":[{"count":0,"href":"https:\/\/uniquevillasmallorca.com\/es\/wp-json\/wp\/v2\/pages\/3608\/revisions"}],"wp:attachment":[{"href":"https:\/\/uniquevillasmallorca.com\/es\/wp-json\/wp\/v2\/media?parent=3608"}],"curies":[{"name":"wp","href":"https:\/\/api.w.org\/{rel}","templated":true}]}}