{"id":5484,"date":"2016-06-22T00:12:52","date_gmt":"2016-06-21T22:12:52","guid":{"rendered":"http:\/\/uniquevillasmallorca.es\/?page_id=5484"},"modified":"2025-02-24T18:37:54","modified_gmt":"2025-02-24T17:37:54","slug":"sobre-nosotros","status":"publish","type":"page","link":"https:\/\/uniquevillasmallorca.com\/es\/sobre-nosotros\/","title":{"rendered":"Sobre nosotros"},"content":{"rendered":"<div class=\"wpb-content-wrapper\"><p>[vc_row][vc_column width=&#8221;1\/2&#8243;][vc_custom_heading text=&#8221;Unique Villas Mallorca by Angie Buades&#8221; font_container=&#8221;tag:h1|text_align:left|color:%23353535&#8243; google_fonts=&#8221;font_family:Lato%3A100%2C100italic%2C300%2C300italic%2Cregular%2Citalic%2C700%2C700italic%2C900%2C900italic|font_style:300%20light%20regular%3A300%3Anormal&#8221;][vc_column_text]<em><strong>Unique Villas Mallorca by Angie Buades<\/strong> <\/em>es la primera agencia inmobiliaria boutique en Mallorca. Especializ\u00e1ndonos en las necesidades de nuestros clientes, nuestro objetivo principal es simple: satisfacer a nuestros clientes haciendo que el proceso de compra de una propiedad sea lo m\u00e1s f\u00e1cil posible.<\/p>\n<p>Como agencia de confianza y ofreciendo un trato a medida, nos centraremos completamente en la b\u00fasqueda de una propiedad para usted, independientemente de su petici\u00f3n, haremos todo lo posible para satisfacerle y encontrar lo que busca y tambi\u00e9n para que cuente con toda la informaci\u00f3n necesaria para tomar una decisi\u00f3n de compra bien informada.<\/p>\n<p><strong>Angie Buades<br \/>\n<\/strong>Mallorquina 100%, Angie siente un profundo amor por Mallorca y es una apasionada de las propiedades y la decoraci\u00f3n. Se cri\u00f3 en la isla y disfrut\u00f3 de una maravillosa infancia. Recibi\u00f3 una educaci\u00f3n brit\u00e1nica y viaj\u00f3 por el mundo, especialmente por China, donde decidi\u00f3 quedarse y vivir durante 4 a\u00f1os, haciendo de Shanghai su segundo hogar.<\/p>\n<p>Es licenciada en Derecho por la Universidad Complutense de Madrid y cuenta con experiencia en el mercado de alquiler de villas de lujo as\u00ed como en el sector inmobiliario. Angie trata directamente con todos sus clientes, tanto vendedores como compradores, asegurando una atenci\u00f3n profesional y personalizada. Habla castellano, ingl\u00e9s, franc\u00e9s, catal\u00e1n y chino mandar\u00edn.[\/vc_column_text][\/vc_column][vc_column width=&#8221;1\/2&#8243;][vc_single_image image=&#8221;5473&#8243; img_size=&#8221;full&#8221; alignment=&#8221;right&#8221;][\/vc_column][\/vc_row][vc_row][vc_column][vc_separator style=&#8221;shadow&#8221;][\/vc_column][\/vc_row][vc_row][vc_column][vc_single_image image=&#8221;13021&#8243; css=&#8221;&#8221;][\/vc_column][\/vc_row]<\/p>\n<\/div>","protected":false},"excerpt":{"rendered":"<p>[vc_row][vc_column width=&#8221;1\/2&#8243;][vc_custom_heading text=&#8221;Unique Villas Mallorca by Angie Buades&#8221; font_container=&#8221;tag:h1|text_align:left|color:%23353535&#8243; google_fonts=&#8221;font_family:Lato%3A100%2C100italic%2C300%2C300italic%2Cregular%2Citalic%2C700%2C700italic%2C900%2C900italic|font_style:300%20light%20regular%3A300%3Anormal&#8221;][vc_column_text]Unique Villas Mallorca by Angie Buades es la primera agencia inmobiliaria boutique en Mallorca. Especializ\u00e1ndonos en las necesidades de nuestros clientes, nuestro objetivo principal es simple: satisfacer a nuestros clientes haciendo que el proceso de compra de una propiedad sea lo m\u00e1s f\u00e1cil posible. Como agencia&#8230;<\/p>\n","protected":false},"author":2,"featured_media":0,"parent":0,"menu_order":0,"comment_status":"closed","ping_status":"closed","template":"","meta":{"footnotes":""},"class_list":["post-5484","page","type-page","status-publish","hentry"],"aioseo_notices":[],"_links":{"self":[{"href":"https:\/\/uniquevillasmallorca.com\/es\/wp-json\/wp\/v2\/pages\/5484","targetHints":{"allow":["GET"]}}],"collection":[{"href":"https:\/\/uniquevillasmallorca.com\/es\/wp-json\/wp\/v2\/pages"}],"about":[{"href":"https:\/\/uniquevillasmallorca.com\/es\/wp-json\/wp\/v2\/types\/page"}],"author":[{"embeddable":true,"href":"https:\/\/uniquevillasmallorca.com\/es\/wp-json\/wp\/v2\/users\/2"}],"replies":[{"embeddable":true,"href":"https:\/\/uniquevillasmallorca.com\/es\/wp-json\/wp\/v2\/comments?post=5484"}],"version-history":[{"count":3,"href":"https:\/\/uniquevillasmallorca.com\/es\/wp-json\/wp\/v2\/pages\/5484\/revisions"}],"predecessor-version":[{"id":13024,"href":"https:\/\/uniquevillasmallorca.com\/es\/wp-json\/wp\/v2\/pages\/5484\/revisions\/13024"}],"wp:attachment":[{"href":"https:\/\/uniquevillasmallorca.com\/es\/wp-json\/wp\/v2\/media?parent=5484"}],"curies":[{"name":"wp","href":"https:\/\/api.w.org\/{rel}","templated":true}]}}